{"id":11125,"date":"2022-04-18T18:50:29","date_gmt":"2022-04-18T18:50:29","guid":{"rendered":"https:\/\/tenutamontauto.com\/guida-alla-degustazione\/"},"modified":"2024-12-19T16:53:12","modified_gmt":"2024-12-19T15:53:12","slug":"guida-alla-degustazione","status":"publish","type":"page","link":"https:\/\/tenutamontauto.com\/en\/guida-alla-degustazione\/","title":{"rendered":"Tasting Guide"},"content":{"rendered":"<div data-elementor-type=\"wp-page\" data-elementor-id=\"11125\" class=\"elementor elementor-11125\" data-elementor-post-type=\"page\">\n\t\t\t\t<div class=\"elementor-element elementor-element-f1e254a e-con-full e-flex e-con e-parent\" data-id=\"f1e254a\" data-element_type=\"container\" data-e-type=\"container\" data-settings=\"{&quot;background_background&quot;:&quot;classic&quot;,&quot;jet_parallax_layout_list&quot;:[]}\">\n\t\t\t\t<div class=\"elementor-element elementor-element-5c9e63b elementor-widget elementor-widget-heading\" data-id=\"5c9e63b\" data-element_type=\"widget\" data-e-type=\"widget\" data-settings=\"{&quot;ekit_we_effect_on&quot;:&quot;none&quot;}\" data-widget_type=\"heading.default\">\n\t\t\t\t<div class=\"elementor-widget-container\">\n\t\t\t\t\t<h1 class=\"elementor-heading-title elementor-size-default\">Tasting Guide<\/h1>\t\t\t\t<\/div>\n\t\t\t\t<\/div>\n\t\t\t\t<div class=\"elementor-element elementor-element-4ce939c elementor-widget-divider--view-line_text elementor-widget-divider--element-align-center elementor-widget elementor-widget-divider\" data-id=\"4ce939c\" data-element_type=\"widget\" data-e-type=\"widget\" data-settings=\"{&quot;ekit_we_effect_on&quot;:&quot;none&quot;}\" data-widget_type=\"divider.default\">\n\t\t\t\t<div class=\"elementor-widget-container\">\n\t\t\t\t\t\t\t<div class=\"elementor-divider\">\n\t\t\t<span class=\"elementor-divider-separator\">\n\t\t\t\t\t\t<\/span>\n\t\t<\/div>\n\t\t\t\t\t\t<\/div>\n\t\t\t\t<\/div>\n\t\t\t\t<\/div>\n\t\t\t\t<section class=\"elementor-section elementor-top-section elementor-element elementor-element-5dff824 elementor-section-boxed elementor-section-height-default elementor-section-height-default\" data-id=\"5dff824\" data-element_type=\"section\" data-e-type=\"section\" data-settings=\"{&quot;jet_parallax_layout_list&quot;:[]}\">\n\t\t\t\t\t\t<div class=\"elementor-container elementor-column-gap-default\">\n\t\t\t\t\t<div class=\"elementor-column elementor-col-50 elementor-top-column elementor-element elementor-element-be54e6a\" data-id=\"be54e6a\" data-element_type=\"column\" data-e-type=\"column\">\n\t\t\t<div class=\"elementor-widget-wrap elementor-element-populated\">\n\t\t\t\t\t\t<div class=\"elementor-element elementor-element-282f293 elementor-widget elementor-widget-heading\" data-id=\"282f293\" data-element_type=\"widget\" data-e-type=\"widget\" data-settings=\"{&quot;ekit_we_effect_on&quot;:&quot;none&quot;}\" data-widget_type=\"heading.default\">\n\t\t\t\t<div class=\"elementor-widget-container\">\n\t\t\t\t\t<h2 class=\"elementor-heading-title elementor-size-default\">Tasting Guide<\/h2>\t\t\t\t<\/div>\n\t\t\t\t<\/div>\n\t\t\t\t<div class=\"elementor-element elementor-element-6b30394 elementor-widget elementor-widget-jet-unfold\" data-id=\"6b30394\" data-element_type=\"widget\" data-e-type=\"widget\" data-settings=\"{&quot;mask_height&quot;:{&quot;unit&quot;:&quot;px&quot;,&quot;size&quot;:460,&quot;sizes&quot;:[]},&quot;mask_height_tablet&quot;:{&quot;unit&quot;:&quot;px&quot;,&quot;size&quot;:&quot;&quot;,&quot;sizes&quot;:[]},&quot;mask_height_mobile&quot;:{&quot;unit&quot;:&quot;px&quot;,&quot;size&quot;:&quot;&quot;,&quot;sizes&quot;:[]},&quot;unfold_duration&quot;:{&quot;unit&quot;:&quot;ms&quot;,&quot;size&quot;:500,&quot;sizes&quot;:[]},&quot;unfold_easing&quot;:&quot;easeOutBack&quot;,&quot;fold_duration&quot;:{&quot;unit&quot;:&quot;ms&quot;,&quot;size&quot;:300,&quot;sizes&quot;:[]},&quot;fold_easing&quot;:&quot;easeOutSine&quot;,&quot;ekit_we_effect_on&quot;:&quot;none&quot;}\" data-widget_type=\"jet-unfold.default\">\n\t\t\t\t<div class=\"elementor-widget-container\">\n\t\t\t\t\t\t\t<div class=\"jet-unfold\" data-settings=\"{&quot;height&quot;:{&quot;size&quot;:460,&quot;unit&quot;:&quot;px&quot;},&quot;separatorHeight&quot;:{&quot;unit&quot;:&quot;px&quot;,&quot;size&quot;:&quot;&quot;,&quot;sizes&quot;:[]},&quot;heightControlType&quot;:&quot;height&quot;,&quot;wordCount&quot;:20,&quot;unfoldDuration&quot;:{&quot;unit&quot;:&quot;ms&quot;,&quot;size&quot;:500,&quot;sizes&quot;:[]},&quot;foldDuration&quot;:{&quot;unit&quot;:&quot;ms&quot;,&quot;size&quot;:300,&quot;sizes&quot;:[]},&quot;unfoldEasing&quot;:&quot;easeOutBack&quot;,&quot;foldEasing&quot;:&quot;easeOutSine&quot;,&quot;foldScrolling&quot;:&quot;false&quot;,&quot;hideOutsideClick&quot;:&quot;false&quot;,&quot;autoHide&quot;:&quot;false&quot;,&quot;autoHideTime&quot;:&quot;&quot;,&quot;foldScrollOffset&quot;:&quot;&quot;,&quot;separatorType&quot;:&quot;div&quot;}\">\r\n\t\t\t<div class=\"jet-unfold__inner\">\r\n\t\t\t\t<div class=\"jet-unfold__mask\" style=\"height:460px\">\r\n\t\t\t\t\t<div class=\"jet-unfold__content\">\r\n\t\t\t\t\t\t<div class=\"jet-unfold__content-inner elementor-text-editor elementor-clearfix\"><p>In the magnum sea of Italian wine, not all wines behave in the same way.<br \/>We use the verb 'behave' because at Tenuta Montauto we are convinced that wine has its own <strong>behavioural trends<\/strong> and, by virtue of this peculiarity, is comparable to human beings or, at most, to animals with which it shares what, in biology, is called ethology as a set of<br \/>customs and habits.<\/p><p><strong>Our wine behaves just like a living being<\/strong>It has phases of openness and expressiveness and others more silent, of closure; it is affected by seasonal transitions, weather, it loves oxygen.<\/p><p>Like everything that exists in nature, Tenuta Montauto wine has a phase of peculiar shyness, of olfactory reticence, in the winter months, especially in January and February.<br \/>Like the plants, trees and flowers, it then opens up again with the first warmth and, with the arrival of May, becomes coquettish, to define itself in June and July, when it reaches its most expressive phase.<\/p><p>However,<strong> ours are wines made to age.<\/strong> This is demonstrated, among other things, by the privileged relationship they have with oxygen.<\/p><p>Following a large number of empirical tests, developed internally within the company, we found, for example, that <strong>our wine loves oxygen<\/strong>.<br \/>Many days after opening, in fact, there is no oxidation or organoleptic decline, quite the opposite in fact.<\/p><p>This is especially true of our Sauvignon Blancs Gessaia and Enos, powerful nectars of terroir which, a few days after their opening and tasted after some time, have shown great changes, and always improving, demonstrating incredible <strong>aromatic evolutions.<\/strong><\/p><p>This is important, and peculiar, because most wines on the market, on the other hand, not only do not have this dynamism but in contact with oxygen, after some time, tend to deteriorate.<\/p><p>Our grapes, on the other hand, harvested and selected by hand, cultivated according to nature and vinified with the sole, very strict criterion of the wholesomeness of the musts, return<strong> a living wine capable of becoming more complex over time<\/strong> and with which to toast long after it has been uncorked.<\/p><p><strong>Prosit - provobis! - from Tenuta Montauto!<\/strong><\/p><\/div>\r\n\t\t\t\t\t<\/div>\r\n\t\t\t\t\t\t\t\t\t\t<div class=\"jet-unfold__separator\"><\/div>\r\n\t\t\t\t\t\t\t\t\t<\/div>\r\n\t\t\t\t<div class=\"jet-unfold__trigger\"><div class=\"jet-unfold__button elementor-button elementor-size-md\" href=\"#\" data-unfold-text=\"Continua a leggere\" data-fold-text=\"Chiudi\" data-fold-icon=\"&lt;i aria-hidden=&quot;true&quot; class=&quot;fas fa-chevron-up&quot;&gt;&lt;\/i&gt;\" data-unfold-icon=\"&lt;i aria-hidden=&quot;true&quot; class=&quot;fas fa-chevron-down&quot;&gt;&lt;\/i&gt;\" tabindex=\"0\" role=\"button\"><span class=\"jet-unfold__button-icon jet-tricks-icon\"><i aria-hidden=\"true\" class=\"fas fa-chevron-down\"><\/i><\/span><span class=\"jet-unfold__button-text\">Continue reading<\/span><\/div>\t\t\t\t<\/div>\r\n\t\t\t<\/div>\r\n\t\t<\/div>\r\n\t\t\t\t\t\t<\/div>\n\t\t\t\t<\/div>\n\t\t\t\t\t<\/div>\n\t\t<\/div>\n\t\t\t\t<div class=\"elementor-column elementor-col-50 elementor-top-column elementor-element elementor-element-3eaab24\" data-id=\"3eaab24\" data-element_type=\"column\" data-e-type=\"column\" data-settings=\"{&quot;background_background&quot;:&quot;classic&quot;}\">\n\t\t\t<div class=\"elementor-widget-wrap elementor-element-populated\">\n\t\t\t\t<div class=\"elementor-element elementor-element-53c01f9 e-flex e-con-boxed e-con e-parent\" data-id=\"53c01f9\" data-element_type=\"container\" data-e-type=\"container\" data-settings=\"{&quot;background_background&quot;:&quot;classic&quot;,&quot;jet_parallax_layout_list&quot;:[]}\">\n\t\t\t\t\t<div class=\"e-con-inner\">\n\t\t<div class=\"elementor-element elementor-element-ef01bed e-con-full e-flex e-con e-child\" data-id=\"ef01bed\" data-element_type=\"container\" data-e-type=\"container\" data-settings=\"{&quot;background_background&quot;:&quot;classic&quot;,&quot;jet_parallax_layout_list&quot;:[]}\">\n\t\t\t\t<div class=\"elementor-element elementor-element-0129d57 elementor-widget elementor-widget-spacer\" data-id=\"0129d57\" data-element_type=\"widget\" data-e-type=\"widget\" data-settings=\"{&quot;ekit_we_effect_on&quot;:&quot;none&quot;}\" data-widget_type=\"spacer.default\">\n\t\t\t\t<div class=\"elementor-widget-container\">\n\t\t\t\t\t\t\t<div class=\"elementor-spacer\">\n\t\t\t<div class=\"elementor-spacer-inner\"><\/div>\n\t\t<\/div>\n\t\t\t\t\t\t<\/div>\n\t\t\t\t<\/div>\n\t\t\t\t<\/div>\n\t\t\t\t\t<\/div>\n\t\t\t\t<\/div>\n\t\t\t\t\t<\/div>\n\t\t<\/div>\n\t\t\t\t\t<\/div>\n\t\t<\/section>\n\t\t\t\t<\/div>","protected":false},"excerpt":{"rendered":"<p>Guida alla degustazione Nel mare magnum del vino italiano non tutti i vini si comportano allo stesso modo.Utilizziamo il verbo \u201ccomportarsi\u201d perch\u00e9 a Tenuta Montauto siamo persuasi del fatto che il vino abbia un suo andamento comportamentale e, in virt\u00f9 di questa sua peculiarit\u00e0, sia assimilabile agli esseri umani o, tuttalpi\u00f9, agli animali con cui [&hellip;]<\/p>","protected":false},"author":0,"featured_media":0,"parent":0,"menu_order":68,"comment_status":"closed","ping_status":"closed","template":"","meta":{"order-bump-settings":[],"_wpfnl_thankyou_order_overview":"on","_wpfnl_thankyou_order_details":"on","_wpfnl_thankyou_billing_details":"on","_wpfnl_thankyou_shipping_details":"on","site-sidebar-layout":"no-sidebar","site-content-layout":"page-builder","ast-site-content-layout":"default","site-content-style":"default","site-sidebar-style":"default","ast-global-header-display":"","ast-banner-title-visibility":"","ast-main-header-display":"","ast-hfb-above-header-display":"","ast-hfb-below-header-display":"","ast-hfb-mobile-header-display":"","site-post-title":"disabled","ast-breadcrumbs-content":"","ast-featured-img":"disabled","footer-sml-layout":"","ast-disable-related-posts":"","theme-transparent-header-meta":"default","adv-header-id-meta":"","stick-header-meta":"","header-above-stick-meta":"","header-main-stick-meta":"","header-below-stick-meta":"","astra-migrate-meta-layouts":"default","ast-page-background-enabled":"default","ast-page-background-meta":{"desktop":{"background-color":"","background-image":"","background-repeat":"repeat","background-position":"center center","background-size":"auto","background-attachment":"scroll","background-type":"","background-media":"","overlay-type":"","overlay-color":"","overlay-opacity":"","overlay-gradient":""},"tablet":{"background-color":"","background-image":"","background-repeat":"repeat","background-position":"center center","background-size":"auto","background-attachment":"scroll","background-type":"","background-media":"","overlay-type":"","overlay-color":"","overlay-opacity":"","overlay-gradient":""},"mobile":{"background-color":"","background-image":"","background-repeat":"repeat","background-position":"center center","background-size":"auto","background-attachment":"scroll","background-type":"","background-media":"","overlay-type":"","overlay-color":"","overlay-opacity":"","overlay-gradient":""}},"ast-content-background-meta":{"desktop":{"background-color":"var(--ast-global-color-5)","background-image":"","background-repeat":"repeat","background-position":"center center","background-size":"auto","background-attachment":"scroll","background-type":"","background-media":"","overlay-type":"","overlay-color":"","overlay-opacity":"","overlay-gradient":""},"tablet":{"background-color":"var(--ast-global-color-5)","background-image":"","background-repeat":"repeat","background-position":"center center","background-size":"auto","background-attachment":"scroll","background-type":"","background-media":"","overlay-type":"","overlay-color":"","overlay-opacity":"","overlay-gradient":""},"mobile":{"background-color":"var(--ast-global-color-5)","background-image":"","background-repeat":"repeat","background-position":"center center","background-size":"auto","background-attachment":"scroll","background-type":"","background-media":"","overlay-type":"","overlay-color":"","overlay-opacity":"","overlay-gradient":""}},"cybocfi_hide_featured_image":"","footnotes":""},"class_list":["post-11125","page","type-page","status-publish","hentry"],"_links":{"self":[{"href":"https:\/\/tenutamontauto.com\/en\/wp-json\/wp\/v2\/pages\/11125","targetHints":{"allow":["GET"]}}],"collection":[{"href":"https:\/\/tenutamontauto.com\/en\/wp-json\/wp\/v2\/pages"}],"about":[{"href":"https:\/\/tenutamontauto.com\/en\/wp-json\/wp\/v2\/types\/page"}],"replies":[{"embeddable":true,"href":"https:\/\/tenutamontauto.com\/en\/wp-json\/wp\/v2\/comments?post=11125"}],"version-history":[{"count":9,"href":"https:\/\/tenutamontauto.com\/en\/wp-json\/wp\/v2\/pages\/11125\/revisions"}],"predecessor-version":[{"id":38101,"href":"https:\/\/tenutamontauto.com\/en\/wp-json\/wp\/v2\/pages\/11125\/revisions\/38101"}],"wp:attachment":[{"href":"https:\/\/tenutamontauto.com\/en\/wp-json\/wp\/v2\/media?parent=11125"}],"curies":[{"name":"wp","href":"https:\/\/api.w.org\/{rel}","templated":true}]}}